{"id":2,"date":"2015-01-04T18:44:03","date_gmt":"2015-01-04T18:44:03","guid":{"rendered":"http:\/\/www.gargoyleswacht.org\/?p=2"},"modified":"2020-09-21T11:31:57","modified_gmt":"2020-09-21T10:31:57","slug":"gargoyleswacht","status":"publish","type":"page","link":"https:\/\/www.gargoyleswacht.org\/","title":{"rendered":"Die Gargoyles Wacht"},"content":{"rendered":"<p>Said gegr\u00fc\u00dft, bei uns auf der Gargoyles Wacht. Es freut mich, dass ihr zu uns gefunden habt. Auf der Gargoyles Wacht findet ihr allerlei Wissenswertes rund ums Mittelalter.<\/p>\n<p><strong>Aber was ist die Gargoyles Wacht?<\/strong><\/p>\n<p>Wir sind eine Gruppe von Leuten mit einer gemeinsamen Leidenschaft, das Mittelalter. So ist 2007 diese Mittelalter Gruppe entstanden, mit der Idee, Reisende des ausklingenden Mittelalters dazustellen, die sich der Beschaffung von exotischen Ware aus fernen L\u00e4ndern verschrieben haben.<\/p>\n<p>Geschichtlich ist unsere Sippe am Ende des Mittelalters angesiedelt. Das Rittertum verliert immer mehr an Einfluss, da sich Fernwaffen mehr und mehr durchsetzen. Viele Ritter verlassen den Landadel und verdingen sich als S\u00f6ldner f\u00fcr die durch den Handel zu Reichtum gelangten St\u00e4dte. Die letzten verbleibenden Ritter versuchen Ruf und Ehre bei Turnieren zu erlangen und so ihre Existenz und Position zu sichern oder verfallen den Raubrittertum.<\/p>\n<p>Die Gargoyles Wacht ist eine aufstrebende Stadt die durch Handel versucht an Einfluss und Reichtum zu gelange. Einst als Wacht zur Vereidigung der Grenzen erbaut, siedelten sich mit der Zeit immer mehr Menschen rund um die Mauern der Feste an. So entstand mit der Zeit eine gro\u00dfe Siedlung, die durch das herrschende Adelsgeschlecht in den Rang einer Stadt mit allen Rechten erhoben wurde.<\/p>\n<p>Ich w\u00fcnsche euch viel Vergn\u00fcgen hier bei uns<\/p>\n<p>Matheo<\/p>\n","protected":false},"excerpt":{"rendered":"<p>Said gegr\u00fc\u00dft, bei uns auf der Gargoyles Wacht. Es freut mich, dass ihr zu uns gefunden habt. Auf der Gargoyles Wacht findet ihr allerlei Wissenswertes rund ums Mittelalter. Aber was ist die Gargoyles Wacht? Wir sind eine Gruppe von Leuten mit einer gemeinsamen Leidenschaft, das Mittelalter. So ist 2007 diese Mittelalter Gruppe entstanden, mit der&#8230;<\/p>\n","protected":false},"author":1,"featured_media":374,"parent":0,"menu_order":0,"comment_status":"closed","ping_status":"closed","template":"","meta":[],"_links":{"self":[{"href":"https:\/\/www.gargoyleswacht.org\/index.php?rest_route=\/wp\/v2\/pages\/2"}],"collection":[{"href":"https:\/\/www.gargoyleswacht.org\/index.php?rest_route=\/wp\/v2\/pages"}],"about":[{"href":"https:\/\/www.gargoyleswacht.org\/index.php?rest_route=\/wp\/v2\/types\/page"}],"author":[{"embeddable":true,"href":"https:\/\/www.gargoyleswacht.org\/index.php?rest_route=\/wp\/v2\/users\/1"}],"replies":[{"embeddable":true,"href":"https:\/\/www.gargoyleswacht.org\/index.php?rest_route=%2Fwp%2Fv2%2Fcomments&post=2"}],"version-history":[{"count":6,"href":"https:\/\/www.gargoyleswacht.org\/index.php?rest_route=\/wp\/v2\/pages\/2\/revisions"}],"predecessor-version":[{"id":506,"href":"https:\/\/www.gargoyleswacht.org\/index.php?rest_route=\/wp\/v2\/pages\/2\/revisions\/506"}],"wp:featuredmedia":[{"embeddable":true,"href":"https:\/\/www.gargoyleswacht.org\/index.php?rest_route=\/wp\/v2\/media\/374"}],"wp:attachment":[{"href":"https:\/\/www.gargoyleswacht.org\/index.php?rest_route=%2Fwp%2Fv2%2Fmedia&parent=2"}],"curies":[{"name":"wp","href":"https:\/\/api.w.org\/{rel}","templated":true}]}}