{"id":205,"date":"2015-03-04T12:14:41","date_gmt":"2015-03-04T11:14:41","guid":{"rendered":"http:\/\/www.gargoyleswacht.org\/?page_id=205"},"modified":"2018-11-02T20:20:33","modified_gmt":"2018-11-02T19:20:33","slug":"gaestebuch","status":"publish","type":"page","link":"https:\/\/www.gargoyleswacht.org\/?page_id=205","title":{"rendered":"G\u00e4stebuch"},"content":{"rendered":"<p>Herzlich willkommen im G\u00e4stebuch der Gargoyles Wacht. Ich hoffe von euch zu h\u00f6ren.<br \/>\nEuer Herold der Gargoyles Wacht<br \/>\n<div class=\"gwolle-gb\"><div class=\"gwolle-gb-messages-top-container\"><\/div>\n\t\t\t<div class=\"gwolle-gb-write-button\">\n\t\t\t\t<input type=\"button\" name=\"gwolle-gb-write-button\" class=\"button btn btn-default \" value=\"Neuen Eintrag schreiben\" aria-expanded=\"false\" \/>\n\t\t\t<\/div>\n\t\t\t<form action=\"#\" method=\"POST\" class=\"gwolle-gb-write gwolle-gb-hide gwolle-gb-float gwolle-gb-form-ajax gwolle-gb-ajax gwolle-gb-not-logged-in\">\n\t\t\t\t<h3>Einen neuen Eintrag f\u00fcr das G\u00e4stebuch schreiben<\/h3>\n\t\t\t\t<button type=\"button\" class=\"gb-notice-dismiss\">x<span class=\"screen-reader-text\">Dieses Formular ausblenden<\/span><\/button>\n\t\t\t\n\t\t\t\t<input type=\"hidden\" name=\"gwolle_gb_function\" class=\"gwolle_gb_function\" value=\"add_entry\" \/><input type=\"hidden\" name=\"gwolle_gb_book_id\" class=\"gwolle_gb_book_id\" value=\"1\" \/><div class=\"gwolle_gb_ec6dd51d7cfe5c4db2ced10d35f497f5\">\n\t\t\t\t<div class=\"label\"><label for=\"gwolle_gb_ec6dd51d7cfe5c4db2ced10d35f497f5-1\" class=\"text-info\">Name <span class=\"required\">*<\/span><\/label><\/div>\n\t\t\t\t<div class=\"input\"><input class=\"wp-exclude-emoji gwolle_gb_ec6dd51d7cfe5c4db2ced10d35f497f5\" value=\"\" type=\"text\" id=\"gwolle_gb_ec6dd51d7cfe5c4db2ced10d35f497f5-1\" name=\"gwolle_gb_ec6dd51d7cfe5c4db2ced10d35f497f5\" required \/><\/div>\n\t\t\t\t<div class=\"clearBoth\">&nbsp;<\/div>\n\t\t\t<\/div><div class=\"gwolle_gb_b6755da13b9b636f6a7f7764859cac2d\">\n\t\t\t\t\t<div class=\"label\"><label for=\"gwolle_gb_b6755da13b9b636f6a7f7764859cac2d-1\" class=\"text-info\">Stadt<\/label><\/div>\n\t\t\t\t\t<div class=\"input\"><input class=\"wp-exclude-emoji gwolle_gb_b6755da13b9b636f6a7f7764859cac2d\" value=\"\" type=\"text\" id=\"gwolle_gb_b6755da13b9b636f6a7f7764859cac2d-1\" name=\"gwolle_gb_b6755da13b9b636f6a7f7764859cac2d\" \/><\/div>\n\t\t\t\t\t<div class=\"clearBoth\">&nbsp;<\/div>\n\t\t\t\t<\/div><div class=\"gwolle_gb_e6e8e3d69f6015aeb2a22ee6f9a80798\">\n\t\t\t\t<div class=\"label\"><label for=\"gwolle_gb_e6e8e3d69f6015aeb2a22ee6f9a80798-1\" class=\"text-info\">E-Mail <span class=\"required\">*<\/span><\/label><\/div>\n\t\t\t\t<div class=\"input\"><input class=\"gwolle_gb_e6e8e3d69f6015aeb2a22ee6f9a80798\" value=\"\" type=\"email\" id=\"gwolle_gb_e6e8e3d69f6015aeb2a22ee6f9a80798-1\" name=\"gwolle_gb_e6e8e3d69f6015aeb2a22ee6f9a80798\" required \/><\/div>\n\t\t\t\t<div class=\"clearBoth\">&nbsp;<\/div>\n\t\t\t<\/div><div class=\"gwolle_gb_ed3f4152b40edf172ae0b9abbaa037db\">\n\t\t\t\t<div class=\"label\"><label for=\"gwolle_gb_ed3f4152b40edf172ae0b9abbaa037db-1\" class=\"text-info\">Website<\/label><\/div>\n\t\t\t\t<div class=\"input\"><input class=\"gwolle_gb_ed3f4152b40edf172ae0b9abbaa037db\" value=\"\" type=\"url\" id=\"gwolle_gb_ed3f4152b40edf172ae0b9abbaa037db-1\" name=\"gwolle_gb_ed3f4152b40edf172ae0b9abbaa037db\" \/><\/div>\n\t\t\t\t<div class=\"clearBoth\">&nbsp;<\/div>\n\t\t\t<\/div>\n\t\t\t<div class=\"gwolle_gb_736826ba076c88babe32b283b2b3ffaa\" style=\"display:none;overflow:hidden;\" hidden=\"true\" aria-hidden=\"true\">\n\t\t\t\t<div class=\"label\">\n\t\t\t\t\t<label for=\"gwolle_gb_736826ba076c88babe32b283b2b3ffaa-1\" class=\"text-primary\">Hier nichts eingeben<\/label>\n\t\t\t\t\t<label for=\"gwolle_gb_94868ba5849f57668917c768333477d9-1\" class=\"text-primary\">Hier nichts eingeben<\/label>\n\t\t\t\t<\/div>\n\t\t\t\t<div class=\"input\">\n\t\t\t\t\t<input value=\"89\" type=\"text\" id=\"gwolle_gb_736826ba076c88babe32b283b2b3ffaa-1\" name=\"gwolle_gb_736826ba076c88babe32b283b2b3ffaa\" class=\"gwolle_gb_736826ba076c88babe32b283b2b3ffaa\" style=\"transform: translateY(10000px);\" \/>\n\t\t\t\t\t<input value=\"\" type=\"text\" name=\"gwolle_gb_94868ba5849f57668917c768333477d9\" id=\"gwolle_gb_94868ba5849f57668917c768333477d9-1\" class=\"gwolle_gb_94868ba5849f57668917c768333477d9\" style=\"transform: translateY(10000px);\" \/>\n\t\t\t\t<\/div>\n\t\t\t\t<div class=\"clearBoth\"><\/div>\n\t\t\t<\/div>\n\t\t\t<div class=\"gwolle_gb_cfb094f7b1c124b07887cf50f7950823\" style=\"display:none;overflow:hidden;\" hidden=\"true\" aria-hidden=\"true\">\n\t\t\t\t<div class=\"label\">\n\t\t\t\t\t<label for=\"gwolle_gb_cfb094f7b1c124b07887cf50f7950823-1\" class=\"text-primary\">Hier nichts eingeben<\/label>\n\t\t\t\t\t<label for=\"gwolle_gb_1eba88575670296af5dbd2d8196d4c15-1\" class=\"text-primary\">Hier nichts eingeben<\/label>\n\t\t\t\t<\/div>\n\t\t\t\t<div class=\"input\">\n\t\t\t\t\t<input value=\"48119\" type=\"text\" id=\"gwolle_gb_cfb094f7b1c124b07887cf50f7950823-1\" name=\"gwolle_gb_cfb094f7b1c124b07887cf50f7950823\" class=\"gwolle_gb_cfb094f7b1c124b07887cf50f7950823\" style=\"transform: translateY(10000px);\" \/>\n\t\t\t\t\t<input value=\"48119\" type=\"text\"id=\"gwolle_gb_1eba88575670296af5dbd2d8196d4c15-1\" name=\"gwolle_gb_1eba88575670296af5dbd2d8196d4c15\" class=\"gwolle_gb_1eba88575670296af5dbd2d8196d4c15\" style=\"transform: translateY(10000px);\" \/>\n\t\t\t\t<\/div>\n\t\t\t\t<div class=\"clearBoth\"><\/div>\n\t\t\t<\/div><div class=\"gwolle_gb_content\">\n\t\t\t\t<div class=\"label\"><label for=\"gwolle_gb_content-1\" class=\"text-info\">G\u00e4stebucheintrag <span class=\"required\">*<\/span><\/label><\/div>\n\t\t\t\t<div class=\"input\"><textarea id=\"gwolle_gb_content-1\" name=\"gwolle_gb_content\" class=\"gwolle_gb_content wp-exclude-emoji\" required ><\/textarea><\/div>\n\t\t\t\t\t<div class=\"clearBoth\">&nbsp;<\/div>\n\t\t\t\t<\/div><input type=\"hidden\" class=\"gwolle_gb_6085ec1455303a38f99db8c265cafa54\" id=\"gwolle_gb_6085ec1455303a38f99db8c265cafa54-1\" name=\"gwolle_gb_6085ec1455303a38f99db8c265cafa54\" value=\"f0a5d71df8\" \/>\n\t\t\t<div class=\"gwolle-gb-messages-bottom-container\"><\/div>\n\n\t\t\t<noscript><div class=\"no-js\">Warnung: Dieses Formular kann nur verwendet werden, wenn in deinem Browser JavaScript aktiviert ist.<\/div><\/noscript>\n\n\t\t\t<div class=\"gwolle_gb_submit gwolle-gb-submit\">\n\t\t\t\t<div class=\"label gwolle-gb-invisible text-muted\">&nbsp;<\/div>\n\t\t\t\t<div class=\"input\">\n\t\t\t\t\t<input type=\"submit\" name=\"gwolle_gb_submit\" class=\"gwolle_gb_submit button btn btn-primary \" value=\"Absenden\" \/>\n\t\t\t\t\t<span class=\"gwolle_gb_submit_ajax_icon gwolle-gb-submit-ajax-icon\"><\/span>\n\t\t\t\n\t\t\t\t<\/div>\n\t\t\t\t<div class=\"clearBoth\">&nbsp;<\/div>\n\t\t\t<\/div>\n\n\t\t\t<div class=\"gwolle_gb_notice gwolle-gb-notice\">\n\t\t\t\t<br \/>\nMit * gekennzeichnete Felder sind erforderlich.<br \/>\nDeine E-Mail-Adresse wird nicht ver\u00f6ffentlicht.<br \/>\nEs ist m\u00f6glich, dass dein Eintrag im G\u00e4stebuch erst sichtbar ist, nachdem wir ihn \u00fcberpr\u00fcft haben.<br \/>\nWir behalten uns vor, Eintr\u00e4ge zu bearbeiten, zu l\u00f6schen oder nicht zu ver\u00f6ffentlichen.<br \/>\n\n\t\t\t<\/div><\/form><div class=\"gwolle-gb-read gwolle-gb-ajax gwolle-gb-entries-list\" data-book_id=\"1\" data-page_id=\"1\">\n\t\t<div id=\"gwolle-gb-total\" class=\"gwolle-gb-total\">6 Eintr\u00e4ge<\/div><!-- Gwolle-GB Entry: Default Template Loaded -->\n\t\t\t\t<div class=\"gb-entry gb-entry_755 gb-entry-count_1 gwolle-gb-uneven gwolle-gb-first\" id=\"gb-entry_755\" data-entry_id=\"755\">\n\t\t\t\t<article>\n\t\t\t\t\t<div class=\"gb-author-info\">\n\t\t\t\t\t\t<span class=\"gb-author-avatar\"><img referrerpolicy=\"no-referrer\" alt='Putzer Michaela' src='https:\/\/secure.gravatar.com\/avatar\/0250aec313db33ef3bc0ce2b6eb53f1c?s=32&#038;d=mm&#038;r=g' srcset='https:\/\/secure.gravatar.com\/avatar\/0250aec313db33ef3bc0ce2b6eb53f1c?s=64&#038;d=mm&#038;r=g 2x' class='avatar avatar-32 photo' height='32' width='32' loading='lazy'\/><\/span>\n\t\t\t\t\t\t<span class=\"gb-author-name\">Putzer Michaela\n\t\t\t\t\t\t<\/span>\n\t\t\t\t\t\t<span class=\"gb-author-origin\">\n\t\t\t\t\t\t\t<span class=\"gb-author-origin-from-text\"> aus<\/span>\n\t\t\t\t\t\t\t<span class=\"gb-author-origin-text\"> Freilassing<\/span>\n\t\t\t\t\t\t<\/span>\n\t\t\t\t\t\t<span class=\"gb-datetime\">\n\t\t\t\t\t\t\t<span class=\"gb-date\"><span class=\"gb-date-wrote-text\"> schrieb am<\/span><span class=\"gb-date-text\"> 4. September 2019<\/span>\n\t\t\t\t\t\t\t<\/span><span class=\"gb-time\">\n\t\t\t\t\t\t\t\t\t<span class=\"gb-time-at-text\"> um<\/span>\n\t\t\t\t\t\t\t\t\t<span class=\"gb-time-text\"> 11:14<\/span>\n\t\t\t\t\t\t\t\t<\/span>\n\t\t\t\t\t\t<\/span> \n\t\t\t\t\t<\/div>\n\t\t\t\t\t<div class=\"gb-entry-content\">W\u00fcrde euren Verein gerne kennen lernen\n\t\t\t\t\t<\/div>\n\t\t\t\t<\/article>\n\t\t\t<\/div>\n\t\t\t<div class=\"gb-entry gb-entry_319 gb-entry-count_2 gwolle-gb-even\" id=\"gb-entry_319\" data-entry_id=\"319\">\n\t\t\t\t<article>\n\t\t\t\t\t<div class=\"gb-author-info\">\n\t\t\t\t\t\t<span class=\"gb-author-avatar\"><img referrerpolicy=\"no-referrer\" alt='Friedrich von Aygl zue Lyndt' src='https:\/\/secure.gravatar.com\/avatar\/5aa55f0fe3826f1b448151a1adec97d3?s=32&#038;d=mm&#038;r=g' srcset='https:\/\/secure.gravatar.com\/avatar\/5aa55f0fe3826f1b448151a1adec97d3?s=64&#038;d=mm&#038;r=g 2x' class='avatar avatar-32 photo' height='32' width='32' loading='lazy'\/><\/span>\n\t\t\t\t\t\t<span class=\"gb-author-name\">Friedrich von Aygl zue Lyndt\n\t\t\t\t\t\t<\/span>\n\t\t\t\t\t\t<span class=\"gb-datetime\">\n\t\t\t\t\t\t\t<span class=\"gb-date\"><span class=\"gb-date-wrote-text\"> schrieb am<\/span><span class=\"gb-date-text\"> 24. Juli 2017<\/span>\n\t\t\t\t\t\t\t<\/span><span class=\"gb-time\">\n\t\t\t\t\t\t\t\t\t<span class=\"gb-time-at-text\"> um<\/span>\n\t\t\t\t\t\t\t\t\t<span class=\"gb-time-text\"> 08:48<\/span>\n\t\t\t\t\t\t\t\t<\/span>\n\t\t\t\t\t\t<\/span> \n\t\t\t\t\t<\/div>\n\t\t\t\t\t<div class=\"gb-entry-content\">Wir Bedanken uns bei unseren Nachbarn f\u00fcr die Gastfreundschaft und die Benutzung des Duschzeltes<br \/>\nFriedrich von Aygl zue Lyndt<br \/>\nvon den Legatio Crucis\n\t\t\t\t\t<\/div>\n\t\t\t\t<\/article>\n\t\t\t<\/div>\n\t\t\t<div class=\"gb-entry gb-entry_229 gb-entry-count_3 gwolle-gb-uneven\" id=\"gb-entry_229\" data-entry_id=\"229\">\n\t\t\t\t<article>\n\t\t\t\t\t<div class=\"gb-author-info\">\n\t\t\t\t\t\t<span class=\"gb-author-avatar\"><img referrerpolicy=\"no-referrer\" alt='Armin f\u00fcr bellator et Herbis' src='https:\/\/secure.gravatar.com\/avatar\/39b7825d76e8c06cce09fe400448496e?s=32&#038;d=mm&#038;r=g' srcset='https:\/\/secure.gravatar.com\/avatar\/39b7825d76e8c06cce09fe400448496e?s=64&#038;d=mm&#038;r=g 2x' class='avatar avatar-32 photo' height='32' width='32' loading='lazy'\/><\/span>\n\t\t\t\t\t\t<span class=\"gb-author-name\"><a href=\"http:\/\/www.bellator-et-herbis.de\/\" target=\"_blank\" rel=\"nofollow noopener noreferrer\"\n\t\t\t\t\t\t\ttitle=\"Besuche die Website von Armin f\u00fcr bellator et Herbis: http:\/\/www.bellator-et-herbis.de\/\">Armin f\u00fcr bellator et Herbis<\/a>\n\t\t\t\t\t\t<\/span>\n\t\t\t\t\t\t<span class=\"gb-author-origin\">\n\t\t\t\t\t\t\t<span class=\"gb-author-origin-from-text\"> aus<\/span>\n\t\t\t\t\t\t\t<span class=\"gb-author-origin-text\"> Mettenhausen<\/span>\n\t\t\t\t\t\t<\/span>\n\t\t\t\t\t\t<span class=\"gb-datetime\">\n\t\t\t\t\t\t\t<span class=\"gb-date\"><span class=\"gb-date-wrote-text\"> schrieb am<\/span><span class=\"gb-date-text\"> 1. Juni 2016<\/span>\n\t\t\t\t\t\t\t<\/span><span class=\"gb-time\">\n\t\t\t\t\t\t\t\t\t<span class=\"gb-time-at-text\"> um<\/span>\n\t\t\t\t\t\t\t\t\t<span class=\"gb-time-text\"> 10:09<\/span>\n\t\t\t\t\t\t\t\t<\/span>\n\t\t\t\t\t\t<\/span> \n\t\t\t\t\t<\/div>\n\t\t\t\t\t<div class=\"gb-entry-content\">sch\u00f6n das sich unsere wege in Ortenburg gekreuzt haben hoffe das wir uns bald mal wieder lagertechnisch treffen <br \/>\r\n<br \/>\r\nGru\u00df Armin und Michaela\n\t\t\t\t\t<\/div>\n\t\t\t\t<\/article>\n\t\t\t<\/div>\n\t\t\t<div class=\"gb-entry gb-entry_225 gb-entry-count_4 gwolle-gb-even\" id=\"gb-entry_225\" data-entry_id=\"225\">\n\t\t\t\t<article>\n\t\t\t\t\t<div class=\"gb-author-info\">\n\t\t\t\t\t\t<span class=\"gb-author-avatar\"><img referrerpolicy=\"no-referrer\" alt='Gabriele' src='https:\/\/secure.gravatar.com\/avatar\/896677b639f1ad5e835a94073a8ff7f1?s=32&#038;d=mm&#038;r=g' srcset='https:\/\/secure.gravatar.com\/avatar\/896677b639f1ad5e835a94073a8ff7f1?s=64&#038;d=mm&#038;r=g 2x' class='avatar avatar-32 photo' height='32' width='32' loading='lazy'\/><\/span>\n\t\t\t\t\t\t<span class=\"gb-author-name\"><a href=\"http:\/\/www.nadelphantasie.de\" target=\"_blank\" rel=\"nofollow noopener noreferrer\"\n\t\t\t\t\t\t\ttitle=\"Besuche die Website von Gabriele: http:\/\/www.nadelphantasie.de\">Gabriele<\/a>\n\t\t\t\t\t\t<\/span>\n\t\t\t\t\t\t<span class=\"gb-author-origin\">\n\t\t\t\t\t\t\t<span class=\"gb-author-origin-from-text\"> aus<\/span>\n\t\t\t\t\t\t\t<span class=\"gb-author-origin-text\"> Ortenburg<\/span>\n\t\t\t\t\t\t<\/span>\n\t\t\t\t\t\t<span class=\"gb-datetime\">\n\t\t\t\t\t\t\t<span class=\"gb-date\"><span class=\"gb-date-wrote-text\"> schrieb am<\/span><span class=\"gb-date-text\"> 29. Mai 2016<\/span>\n\t\t\t\t\t\t\t<\/span><span class=\"gb-time\">\n\t\t\t\t\t\t\t\t\t<span class=\"gb-time-at-text\"> um<\/span>\n\t\t\t\t\t\t\t\t\t<span class=\"gb-time-text\"> 20:08<\/span>\n\t\t\t\t\t\t\t\t<\/span>\n\t\t\t\t\t\t<\/span> \n\t\t\t\t\t<\/div>\n\t\t\t\t\t<div class=\"gb-entry-content\">Herzlichen Dank f\u00fcr eure Bekanntschaft. Es waren so erf\u00fcllende, bereichernde Tage. Bleibt alle gesund und wir w\u00fcrden uns \u00fcber ein baldiges Wiedersehen m\u00e4chtig gfrein. ? Gabi und Roland von der nadelphantasie\n\t\t\t\t\t<\/div>\n\t\t\t\t\t<div class=\"gb-entry-admin_reply\">\n\t\t\t\t\t\t<div class=\"gb-admin-reply-uid\">\n\t\t\t\t\t\t\t<em>Administrator-Antwort von: Matheo<\/em>\n\t\t\t\t\t\t<\/div> \n\t\t\t\t\t\t<div class=\"gb-admin-reply-content\">\n\t\t\t\t\t\tWir haben uns auch sehr gefreut eure Bekanntschaft gemacht zu haben und auch von uns ganz liebe Gr\u00fc\u00dfe .\n\t\t\t\t\t\t<\/div>\n\t\t\t\t\t<\/div>\n\t\t\t\t<\/article>\n\t\t\t<\/div>\n\t\t\t<div class=\"gb-entry gb-entry_212 gb-entry-count_5 gwolle-gb-uneven\" id=\"gb-entry_212\" data-entry_id=\"212\">\n\t\t\t\t<article>\n\t\t\t\t\t<div class=\"gb-author-info\">\n\t\t\t\t\t\t<span class=\"gb-author-avatar\"><img referrerpolicy=\"no-referrer\" alt='Franz' src='https:\/\/secure.gravatar.com\/avatar\/9e234d840adcd027f6691b4316181e50?s=32&#038;d=mm&#038;r=g' srcset='https:\/\/secure.gravatar.com\/avatar\/9e234d840adcd027f6691b4316181e50?s=64&#038;d=mm&#038;r=g 2x' class='avatar avatar-32 photo' height='32' width='32' loading='lazy'\/><\/span>\n\t\t\t\t\t\t<span class=\"gb-author-name\"><a href=\"http:\/\/www.erste-salzburger-hundeschule.at\" target=\"_blank\" rel=\"nofollow noopener noreferrer\"\n\t\t\t\t\t\t\ttitle=\"Besuche die Website von Franz: http:\/\/www.erste-salzburger-hundeschule.at\">Franz<\/a>\n\t\t\t\t\t\t<\/span>\n\t\t\t\t\t\t<span class=\"gb-author-origin\">\n\t\t\t\t\t\t\t<span class=\"gb-author-origin-from-text\"> aus<\/span>\n\t\t\t\t\t\t\t<span class=\"gb-author-origin-text\"> Raschenberg<\/span>\n\t\t\t\t\t\t<\/span>\n\t\t\t\t\t\t<span class=\"gb-datetime\">\n\t\t\t\t\t\t\t<span class=\"gb-date\"><span class=\"gb-date-wrote-text\"> schrieb am<\/span><span class=\"gb-date-text\"> 1. Mai 2016<\/span>\n\t\t\t\t\t\t\t<\/span><span class=\"gb-time\">\n\t\t\t\t\t\t\t\t\t<span class=\"gb-time-at-text\"> um<\/span>\n\t\t\t\t\t\t\t\t\t<span class=\"gb-time-text\"> 16:20<\/span>\n\t\t\t\t\t\t\t\t<\/span>\n\t\t\t\t\t\t<\/span> \n\t\t\t\t\t<\/div>\n\t\t\t\t\t<div class=\"gb-entry-content\">Hall\u00f6chen Gargoyls<br \/>\r\nwir freuen uns auf eure Niederlassung bei uns,<br \/>\r\n am Ende der 18. KW im Jahre 2016 mit 23\u00b0c wird es sehr gem\u00fctlich!<br \/>\r\nmfg Franz von Raschenberg<br \/>\r\n Raschenbergstra\u00dfe<br \/>\r\nBeschreibung:<br \/>\r\n Die Stra\u00dfenbenennung ist auf Schloss und Gericht Raschenberg bei Oberteisendorf in Bayern zur\u00fcckzuf\u00fchren. Sie waren ab 1254 im Besitz des Erzstiftes Salzburg. Der Gerichtssitz wurde sp\u00e4ter nach Teisendorf verlegt und um 1790 mit Staufenegg vereinigt. Als Salzburg 1816 endg\u00fcltig zu \u00d6sterreich kam, wurde das Gebiet Bayern zugeschlagen. <br \/>\r\n<br \/>\r\nLage: Liefering; f\u00fchrt von der Rupertiwinkelstra\u00dfe zur Aribonenstra\u00dfe.<br \/>\r\nBeschlossen: 1935\n\t\t\t\t\t<\/div>\n\t\t\t\t<\/article>\n\t\t\t<\/div>\n\t\t\t<div class=\"gb-entry gb-entry_1 gb-entry-count_6 gwolle-gb-even\" id=\"gb-entry_1\" data-entry_id=\"1\">\n\t\t\t\t<article>\n\t\t\t\t\t<div class=\"gb-author-info\">\n\t\t\t\t\t\t<span class=\"gb-author-avatar\"><img referrerpolicy=\"no-referrer\" alt='Matheo' src='https:\/\/secure.gravatar.com\/avatar\/157848b705a2844b35b4137193809ace?s=32&#038;d=mm&#038;r=g' srcset='https:\/\/secure.gravatar.com\/avatar\/157848b705a2844b35b4137193809ace?s=64&#038;d=mm&#038;r=g 2x' class='avatar avatar-32 photo' height='32' width='32' loading='lazy'\/><\/span>\n\t\t\t\t\t\t<span class=\"gb-author-name\"><a href=\"http:\/\/www.gargoyleswacht.org\" target=\"_blank\" rel=\"nofollow noopener noreferrer\"\n\t\t\t\t\t\t\ttitle=\"Besuche die Website von Matheo: http:\/\/www.gargoyleswacht.org\"><i class=\"gb-moderator\">Matheo<\/i><\/a>\n\t\t\t\t\t\t<\/span>\n\t\t\t\t\t\t<span class=\"gb-datetime\">\n\t\t\t\t\t\t\t<span class=\"gb-date\"><span class=\"gb-date-wrote-text\"> schrieb am<\/span><span class=\"gb-date-text\"> 4. M\u00e4rz 2015<\/span>\n\t\t\t\t\t\t\t<\/span><span class=\"gb-time\">\n\t\t\t\t\t\t\t\t\t<span class=\"gb-time-at-text\"> um<\/span>\n\t\t\t\t\t\t\t\t\t<span class=\"gb-time-text\"> 12:17<\/span>\n\t\t\t\t\t\t\t\t<\/span>\n\t\t\t\t\t\t<\/span> \n\t\t\t\t\t<\/div>\n\t\t\t\t\t<div class=\"gb-entry-content\">Hallo und herzlich willkommen auf unserer Webseite.<br \/>\r\n<br \/>\r\nEuer Herold der Gargoyles Wacht\n\t\t\t\t\t<\/div>\n\t\t\t\t<\/article>\n\t\t\t<\/div>\n\t\t\t<\/div><\/div><\/p>\n","protected":false},"excerpt":{"rendered":"<p>Herzlich willkommen im G\u00e4stebuch der Gargoyles Wacht. Ich hoffe von euch zu h\u00f6ren. Euer Herold der Gargoyles Wacht<\/p>\n","protected":false},"author":1,"featured_media":382,"parent":0,"menu_order":0,"comment_status":"closed","ping_status":"closed","template":"","meta":[],"_links":{"self":[{"href":"https:\/\/www.gargoyleswacht.org\/index.php?rest_route=\/wp\/v2\/pages\/205"}],"collection":[{"href":"https:\/\/www.gargoyleswacht.org\/index.php?rest_route=\/wp\/v2\/pages"}],"about":[{"href":"https:\/\/www.gargoyleswacht.org\/index.php?rest_route=\/wp\/v2\/types\/page"}],"author":[{"embeddable":true,"href":"https:\/\/www.gargoyleswacht.org\/index.php?rest_route=\/wp\/v2\/users\/1"}],"replies":[{"embeddable":true,"href":"https:\/\/www.gargoyleswacht.org\/index.php?rest_route=%2Fwp%2Fv2%2Fcomments&post=205"}],"version-history":[{"count":4,"href":"https:\/\/www.gargoyleswacht.org\/index.php?rest_route=\/wp\/v2\/pages\/205\/revisions"}],"predecessor-version":[{"id":209,"href":"https:\/\/www.gargoyleswacht.org\/index.php?rest_route=\/wp\/v2\/pages\/205\/revisions\/209"}],"wp:featuredmedia":[{"embeddable":true,"href":"https:\/\/www.gargoyleswacht.org\/index.php?rest_route=\/wp\/v2\/media\/382"}],"wp:attachment":[{"href":"https:\/\/www.gargoyleswacht.org\/index.php?rest_route=%2Fwp%2Fv2%2Fmedia&parent=205"}],"curies":[{"name":"wp","href":"https:\/\/api.w.org\/{rel}","templated":true}]}}