{"id":351,"date":"2018-08-21T19:07:38","date_gmt":"2018-08-21T18:07:38","guid":{"rendered":"http:\/\/www.gargoyleswacht.org\/?page_id=351"},"modified":"2018-11-02T20:35:16","modified_gmt":"2018-11-02T19:35:16","slug":"unser-angebot","status":"publish","type":"page","link":"https:\/\/www.gargoyleswacht.org\/?page_id=351","title":{"rendered":"Darstellung"},"content":{"rendered":"<p><strong>Allgemeines zur Darstellung<\/strong><\/p>\n<p>Wir lieben das Mittelalter und daher ist f\u00fcr uns eine m\u00f6glichst authentische Darstellung sehr wichtig! Nat\u00fcrlich kann man dieses hochgesteckte Ziel nicht immer erreichen, aber wir versuchen immer den Besuchern unser Bestm\u00f6glichstes zu bieten.<\/p>\n<p><img loading=\"lazy\" class=\"aligncenter wp-image-360 size-full\" src=\"http:\/\/www.gargoyleswacht.org\/wp-content\/uploads\/2018\/08\/Lagerleben.jpg\" alt=\"\" width=\"4608\" height=\"2133\" \/><strong>Unser Kinder Ritterturnier<\/strong><\/p>\n<p><a href=\"http:\/\/www.gargoyleswacht.org\/wp-content\/uploads\/2018\/11\/Fr\u00fchlingsfest-14-95-e1541187061495.jpg\"><img loading=\"lazy\" class=\"alignnone size-full wp-image-402\" src=\"http:\/\/www.gargoyleswacht.org\/wp-content\/uploads\/2018\/11\/Fr\u00fchlingsfest-14-95-e1541187061495.jpg\" alt=\"\" width=\"1647\" height=\"2096\" srcset=\"https:\/\/www.gargoyleswacht.org\/wp-content\/uploads\/2018\/11\/Fr\u00fchlingsfest-14-95-e1541187061495.jpg 1647w, https:\/\/www.gargoyleswacht.org\/wp-content\/uploads\/2018\/11\/Fr\u00fchlingsfest-14-95-e1541187061495-236x300.jpg 236w, https:\/\/www.gargoyleswacht.org\/wp-content\/uploads\/2018\/11\/Fr\u00fchlingsfest-14-95-e1541187061495-768x977.jpg 768w, https:\/\/www.gargoyleswacht.org\/wp-content\/uploads\/2018\/11\/Fr\u00fchlingsfest-14-95-e1541187061495-644x820.jpg 644w\" sizes=\"(max-width: 1647px) 100vw, 1647px\" \/><\/a><\/p>\n<p>&nbsp;<\/p>\n<p><strong><span style=\"color: #000000; font-family: Calibri; font-size: medium;\">Authentische Gerichte und wissenswertes \u00fcber die Ern\u00e4hrung im Sp\u00e4tmittelalter<\/span><\/strong><\/p>\n<p><a href=\"http:\/\/www.gargoyleswacht.org\/wp-content\/uploads\/2018\/11\/Ortenburg-17-JPG-146.jpg\"><img loading=\"lazy\" class=\"alignnone wp-image-385 size-full\" src=\"http:\/\/www.gargoyleswacht.org\/wp-content\/uploads\/2018\/11\/Ortenburg-17-JPG-146-e1541186565743.jpg\" alt=\"\" width=\"4584\" height=\"2315\" srcset=\"https:\/\/www.gargoyleswacht.org\/wp-content\/uploads\/2018\/11\/Ortenburg-17-JPG-146-e1541186565743.jpg 4584w, https:\/\/www.gargoyleswacht.org\/wp-content\/uploads\/2018\/11\/Ortenburg-17-JPG-146-e1541186565743-300x152.jpg 300w, https:\/\/www.gargoyleswacht.org\/wp-content\/uploads\/2018\/11\/Ortenburg-17-JPG-146-e1541186565743-768x388.jpg 768w, https:\/\/www.gargoyleswacht.org\/wp-content\/uploads\/2018\/11\/Ortenburg-17-JPG-146-e1541186565743-644x325.jpg 644w\" sizes=\"(max-width: 4584px) 100vw, 4584px\" \/><\/a><\/p>\n<p><img loading=\"lazy\" class=\"alignnone wp-image-366 size-full\" src=\"http:\/\/www.gargoyleswacht.org\/wp-content\/uploads\/2018\/08\/Essen.jpg\" alt=\"\" width=\"4607\" height=\"2413\" \/><\/p>\n","protected":false},"excerpt":{"rendered":"<p>Allgemeines zur Darstellung Wir lieben das Mittelalter und daher ist f\u00fcr uns eine m\u00f6glichst authentische Darstellung sehr wichtig! Nat\u00fcrlich kann man dieses hochgesteckte Ziel nicht immer erreichen, aber wir versuchen immer den Besuchern unser Bestm\u00f6glichstes zu bieten. Unser Kinder Ritterturnier &nbsp; Authentische Gerichte und wissenswertes \u00fcber die Ern\u00e4hrung im Sp\u00e4tmittelalter<\/p>\n","protected":false},"author":1,"featured_media":373,"parent":0,"menu_order":0,"comment_status":"closed","ping_status":"closed","template":"","meta":[],"_links":{"self":[{"href":"https:\/\/www.gargoyleswacht.org\/index.php?rest_route=\/wp\/v2\/pages\/351"}],"collection":[{"href":"https:\/\/www.gargoyleswacht.org\/index.php?rest_route=\/wp\/v2\/pages"}],"about":[{"href":"https:\/\/www.gargoyleswacht.org\/index.php?rest_route=\/wp\/v2\/types\/page"}],"author":[{"embeddable":true,"href":"https:\/\/www.gargoyleswacht.org\/index.php?rest_route=\/wp\/v2\/users\/1"}],"replies":[{"embeddable":true,"href":"https:\/\/www.gargoyleswacht.org\/index.php?rest_route=%2Fwp%2Fv2%2Fcomments&post=351"}],"version-history":[{"count":11,"href":"https:\/\/www.gargoyleswacht.org\/index.php?rest_route=\/wp\/v2\/pages\/351\/revisions"}],"predecessor-version":[{"id":404,"href":"https:\/\/www.gargoyleswacht.org\/index.php?rest_route=\/wp\/v2\/pages\/351\/revisions\/404"}],"wp:featuredmedia":[{"embeddable":true,"href":"https:\/\/www.gargoyleswacht.org\/index.php?rest_route=\/wp\/v2\/media\/373"}],"wp:attachment":[{"href":"https:\/\/www.gargoyleswacht.org\/index.php?rest_route=%2Fwp%2Fv2%2Fmedia&parent=351"}],"curies":[{"name":"wp","href":"https:\/\/api.w.org\/{rel}","templated":true}]}}